{"id":106,"date":"2019-02-20T00:10:19","date_gmt":"2019-02-19T23:10:19","guid":{"rendered":"https:\/\/izrk-sci-mtg.zrc-sazu.si\/?page_id=106"},"modified":"2019-03-19T13:46:12","modified_gmt":"2019-03-19T12:46:12","slug":"location","status":"publish","type":"page","link":"https:\/\/izrk-sci-mtg.zrc-sazu.si\/en\/information\/location\/","title":{"rendered":"Venue"},"content":{"rendered":"\n<p>The main monument of the \u0160kocjanske jame  Regional Park , i. e. \u0160kocjanske jame (\u0160kocjan Caves) itself, has been recognised as UNESCO world heritage since 1986. In addition, there is two-hundred year anniversary of cave tourism in 2019.  Both reasons connected with past good as well as bad practices with future challenges are excellent opportunity to discuss sustainability of cave tourism at this place. <\/p>\n\n\n\n<p>Conference will take place in the centre of the \u0160kocjanske jame Regional Park (Promotion-congress centre &#8220;Pr Nanetovh; Matavun 8, SI-6215 Diva\u010da).<\/p>\n\n\n\n<figure class=\"wp-block-image\"><img loading=\"lazy\" decoding=\"async\" width=\"565\" height=\"225\" src=\"https:\/\/izrk-sci-mtg.zrc-sazu.si\/wp-content\/uploads\/2019\/03\/Pr-Nanetovh-stavba.jpg\" alt=\"\" class=\"wp-image-271\" srcset=\"https:\/\/izrk-sci-mtg.zrc-sazu.si\/wp-content\/uploads\/2019\/03\/Pr-Nanetovh-stavba.jpg 565w, https:\/\/izrk-sci-mtg.zrc-sazu.si\/wp-content\/uploads\/2019\/03\/Pr-Nanetovh-stavba-300x119.jpg 300w\" sizes=\"auto, (max-width: 565px) 100vw, 565px\" \/><figcaption>The Promotion-congress centre &#8220;Pr Nanetovh&#8221; (photo: Borut Lozej, \u0160kocjan Caves Public Service Agency).<\/figcaption><\/figure>\n\n\n\n<h3 class=\"wp-block-heading\"><strong>Access to the venue<\/strong><\/h3>\n\n\n\n<p>Leave highway A1 (Ljubljana-Koper) at the exit Diva\u010da and turn to the direction of the \u0160kocjan Caves (\u0160kocjanske jame). In the Matavun settlement, follow the main road (to the Vreme settlement). The last building on the left (east) in the Matavun settlement is the Promotion-congress centre &#8220;Pr Nanetovh&#8221;.<\/p>\n\n\n\n<figure><iframe loading=\"lazy\" src=\"https:\/\/www.google.com\/maps\/embed?pb=!1m18!1m12!1m3!1d2788.4213933705387!2d13.99129021520048!3d45.66244017910384!2m3!1f0!2f0!3f0!3m2!1i1024!2i768!4f13.1!3m3!1m2!1s0x477b3899ecf4fa5d%3A0xb14831ee57c58900!2sMatavun+8%2C+6215+Diva%C4%8Da!5e0!3m2!1ssl!2ssi!4v1550750265003\" width=\"600\" height=\"450\" allowfullscreen=\"\"><\/iframe><\/figure>\n\n\n\n<h3 class=\"wp-block-heading\"><strong>Nearby airports<\/strong><\/h3>\n\n\n\n<ul class=\"wp-block-list\"><li><a href=\"https:\/\/triesteairport.it\/en\/\/\">Trieste \u2013 Friuli Venezia Giulia Airport<\/a> (60 km from the venue);<\/li><li><a href=\"https:\/\/www.fraport-slovenija.si\/en\/Main\">Ljubljana Jo\u017ee Pu\u010dnik Airport<\/a> (97 km from the venue);<\/li><li><a href=\"https:\/\/www.trevisoairport.it\/en\/\">Treviso Airport<\/a> (166 km from the venue);<\/li><li><a href=\"https:\/\/www.veniceairport.it\/en\/\">Venice Marco Polo Airport<\/a> (171 km from the venue). <\/li><\/ul>\n","protected":false},"excerpt":{"rendered":"<p>The main monument of the \u0160kocjanske jame Regional Park , i. e. \u0160kocjanske jame (\u0160kocjan Caves) itself, has been recognised as UNESCO world heritage since 1986. In addition, there is two-hundred year anniversary of cave tourism in 2019. Both reasons connected with past good as well as bad practices with future challenges are excellent opportunity &hellip; <\/p>\n<p class=\"link-more\"><a href=\"https:\/\/izrk-sci-mtg.zrc-sazu.si\/en\/information\/location\/\" class=\"more-link\">Continue reading<span class=\"screen-reader-text\"> &#8220;Venue&#8221;<\/span><\/a><\/p>\n","protected":false},"author":1,"featured_media":0,"parent":100,"menu_order":0,"comment_status":"closed","ping_status":"closed","template":"","meta":{"footnotes":""},"class_list":["post-106","page","type-page","status-publish","hentry"],"_links":{"self":[{"href":"https:\/\/izrk-sci-mtg.zrc-sazu.si\/en\/wp-json\/wp\/v2\/pages\/106","targetHints":{"allow":["GET"]}}],"collection":[{"href":"https:\/\/izrk-sci-mtg.zrc-sazu.si\/en\/wp-json\/wp\/v2\/pages"}],"about":[{"href":"https:\/\/izrk-sci-mtg.zrc-sazu.si\/en\/wp-json\/wp\/v2\/types\/page"}],"author":[{"embeddable":true,"href":"https:\/\/izrk-sci-mtg.zrc-sazu.si\/en\/wp-json\/wp\/v2\/users\/1"}],"replies":[{"embeddable":true,"href":"https:\/\/izrk-sci-mtg.zrc-sazu.si\/en\/wp-json\/wp\/v2\/comments?post=106"}],"version-history":[{"count":9,"href":"https:\/\/izrk-sci-mtg.zrc-sazu.si\/en\/wp-json\/wp\/v2\/pages\/106\/revisions"}],"predecessor-version":[{"id":443,"href":"https:\/\/izrk-sci-mtg.zrc-sazu.si\/en\/wp-json\/wp\/v2\/pages\/106\/revisions\/443"}],"up":[{"embeddable":true,"href":"https:\/\/izrk-sci-mtg.zrc-sazu.si\/en\/wp-json\/wp\/v2\/pages\/100"}],"wp:attachment":[{"href":"https:\/\/izrk-sci-mtg.zrc-sazu.si\/en\/wp-json\/wp\/v2\/media?parent=106"}],"curies":[{"name":"wp","href":"https:\/\/api.w.org\/{rel}","templated":true}]}}