{"id":108,"date":"2019-02-20T00:10:56","date_gmt":"2019-02-19T23:10:56","guid":{"rendered":"https:\/\/izrk-sci-mtg.zrc-sazu.si\/?page_id=108"},"modified":"2019-03-04T11:59:43","modified_gmt":"2019-03-04T10:59:43","slug":"organising-committee","status":"publish","type":"page","link":"https:\/\/izrk-sci-mtg.zrc-sazu.si\/en\/information\/organising-committee\/","title":{"rendered":"Organising Committee"},"content":{"rendered":"\n<h3 class=\"wp-block-heading\"><strong>Organizations<\/strong><\/h3>\n\n\n\n<ul class=\"wp-block-list\"><li><a href=\"http:\/\/www.park-skocjanske-jame.si\/en\">\u0160kocjan Caves Public Service Agency\u00a0(P\u0160J)<\/a>;<\/li><li>Research Centre of the Slovenian Academy of Sciences and Arts (<a href=\"https:\/\/izrk.zrc-sazu.si\/en\">Karst Research Institute; IZRK ZRC SAZU<\/a>).<\/li><\/ul>\n\n\n\n<h3 class=\"wp-block-heading\"><strong>Organising Committee<\/strong><\/h3>\n\n\n\n<ul class=\"wp-block-list\"><li>Stojan \u0160\u010duka, P\u0160J;<\/li><li>dr. Tadej Slabe, IZRK ZRC SAZU;<\/li><li>dr. Rosana Cerkvenik, P\u0160J;<\/li><li>Borut Peric, P\u0160J;<\/li><li>dr. Mitja Prelov\u0161ek, IZRK ZRC SAZU;<\/li><li>dr. Stanka \u0160ebela, IZRK ZRC SAZU.<\/li><\/ul>\n\n\n\n<p><\/p>\n","protected":false},"excerpt":{"rendered":"<p>Organizations \u0160kocjan Caves Public Service Agency\u00a0(P\u0160J); Research Centre of the Slovenian Academy of Sciences and Arts (Karst Research Institute; IZRK ZRC SAZU). Organising Committee Stojan \u0160\u010duka, P\u0160J; dr. Tadej Slabe, IZRK ZRC SAZU; dr. Rosana Cerkvenik, P\u0160J; Borut Peric, P\u0160J; dr. Mitja Prelov\u0161ek, IZRK ZRC SAZU; dr. Stanka \u0160ebela, IZRK ZRC SAZU.<\/p>\n","protected":false},"author":1,"featured_media":0,"parent":100,"menu_order":0,"comment_status":"closed","ping_status":"closed","template":"","meta":{"footnotes":""},"class_list":["post-108","page","type-page","status-publish","hentry"],"_links":{"self":[{"href":"https:\/\/izrk-sci-mtg.zrc-sazu.si\/en\/wp-json\/wp\/v2\/pages\/108","targetHints":{"allow":["GET"]}}],"collection":[{"href":"https:\/\/izrk-sci-mtg.zrc-sazu.si\/en\/wp-json\/wp\/v2\/pages"}],"about":[{"href":"https:\/\/izrk-sci-mtg.zrc-sazu.si\/en\/wp-json\/wp\/v2\/types\/page"}],"author":[{"embeddable":true,"href":"https:\/\/izrk-sci-mtg.zrc-sazu.si\/en\/wp-json\/wp\/v2\/users\/1"}],"replies":[{"embeddable":true,"href":"https:\/\/izrk-sci-mtg.zrc-sazu.si\/en\/wp-json\/wp\/v2\/comments?post=108"}],"version-history":[{"count":4,"href":"https:\/\/izrk-sci-mtg.zrc-sazu.si\/en\/wp-json\/wp\/v2\/pages\/108\/revisions"}],"predecessor-version":[{"id":269,"href":"https:\/\/izrk-sci-mtg.zrc-sazu.si\/en\/wp-json\/wp\/v2\/pages\/108\/revisions\/269"}],"up":[{"embeddable":true,"href":"https:\/\/izrk-sci-mtg.zrc-sazu.si\/en\/wp-json\/wp\/v2\/pages\/100"}],"wp:attachment":[{"href":"https:\/\/izrk-sci-mtg.zrc-sazu.si\/en\/wp-json\/wp\/v2\/media?parent=108"}],"curies":[{"name":"wp","href":"https:\/\/api.w.org\/{rel}","templated":true}]}}