{"id":112,"date":"2019-02-20T00:11:45","date_gmt":"2019-02-19T23:11:45","guid":{"rendered":"https:\/\/izrk-sci-mtg.zrc-sazu.si\/?page_id=112"},"modified":"2019-07-17T12:35:16","modified_gmt":"2019-07-17T10:35:16","slug":"accommodations","status":"publish","type":"page","link":"https:\/\/izrk-sci-mtg.zrc-sazu.si\/en\/information\/accommodations\/","title":{"rendered":"Accommodation"},"content":{"rendered":"\n<p>The participants are invited to book their accommodations by their own. Organising committee suggests to use one of the following options.<\/p>\n\n\n\n<h4 class=\"wp-block-heading\"><strong><a href=\"https:\/\/www.hostelskrla.com\">Hostel \u0160krla<\/a><\/strong><\/h4>\n\n\n\n<p>Matavun 10, SI-6215 Diva\u010da (500 km from the venue)<\/p>\n\n\n\n<p>Contact and reservation: +386 69 616 728;  <a class=\"\" href=\"mailto:info@hostelskrla.com\">info@hostelskrla.com<\/a> <\/p>\n\n\n\n<h4 class=\"wp-block-heading\"><strong><a href=\"https:\/\/www.turizem-divaca.si\/en\/where_to_sleep\/divaski_prag\/2006011714431506\/Turisti%C4%8Dna%20kmetija%20Pr%E2%80%99%20Betanci\/\">Tourist farm Pr\u2019 Betanci<\/a> <\/strong><\/h4>\n\n\n\n<p>Betanja 2, SI-6215 Diva\u010da ( 500 m from the venue)<\/p>\n\n\n\n<p>Contact and reservation: Marko Cerkvenik (<a class=\"\" href=\"mailto:prbetanci@gmail.com\">prbetanci@gmail.com<\/a>; +386 41 345 877)<\/p>\n\n\n\n<h4 class=\"wp-block-heading\"><strong><a href=\"https:\/\/www.turizem-divaca.si\/en\/where_to_sleep\/divaski_prag\/2006011714433926\/%C5%BDnidar%C4%8Di%C4%8D%20Apartments\/\">Apartments \u017dnidar\u010di\u010d<\/a><\/strong><\/h4>\n\n\n\n<p>Contact and rezervacija:  <a class=\"\" href=\"mailto:apartmentsznidarcic@gmail.com\">apartmentsznidarcic@gmail.com<\/a>; +386 41 339 029 (Lara), +386 41 753 130 (Sara); Facebook: @apartmentsznidarcic) <\/p>\n\n\n\n<p><\/p>\n\n\n\n<h4 class=\"wp-block-heading\"> <br><strong><a href=\"http:\/\/hotel-malovec.si\/\">Hotel Malovec Diva\u010da<\/a><\/strong><\/h4>\n\n\n\n<p>Kra\u0161ka cesta 30a, SI-6215&nbsp; Diva\u010da (4 km from the venue) <\/p>\n\n\n\n<p>Contact and reservation: <a class=\"\" href=\"mailto:info@hotel-malovec.si\">info@hotel-malovec.si<\/a>; +386 5 76 33 333<\/p>\n\n\n\n<p><em>Hotel offers hotel rooms or budget rooms.<\/em><\/p>\n\n\n\n<p><\/p>\n\n\n\n<h4 class=\"wp-block-heading\"><strong><a href=\"http:\/\/vrbin.si\/\">Vrbin Homestad<\/a><\/strong><\/h4>\n\n\n\n<p>Ka\u010di\u010de-Pared 25, SI-6215 Diva\u010da (3 km from the venue)<\/p>\n\n\n\n<p>Contact and reservation: <a class=\"\" href=\"mailto:info@vrbin.si\">info@vrbin.si<\/a>; +386 41 473 905<\/p>\n\n\n\n<p><\/p>\n\n\n\n<h4 class=\"wp-block-heading\"><a href=\"http:\/\/www.naplaninci.si\/\"><strong>Tavern &#8220;Na Planinci&#8221;<\/strong><\/a><\/h4>\n\n\n\n<p>Dane pri Diva\u010di 2a, SI-6215 Diva\u010da (2 km from the venue)<\/p>\n\n\n\n<p>Contact and reservation: +386 40 508 811<\/p>\n\n\n\n<h4 class=\"wp-block-heading\"><strong><a href=\"https:\/\/www.kmetija-jankovi.com\/en\/\">Tourist farm Jankovi<\/a><\/strong><\/h4>\n\n\n\n<p>Vremski Britof 11, SI-6217 Vremski Britof (4 km from the venue) <\/p>\n\n\n\n<p>Contact and reservation: +386 31 335 166; <a class=\"\" href=\"mailto:info@kmetija-jankovi.com\">info@kmetija-jankovi.com<\/a><\/p>\n\n\n\n<br>\n\n\n\n<p><\/p>\n\n\n\n<p><em>If suggested options do not meet your expectations, try <\/em><a href=\"http:\/\/booking.com\/\"><em>booking.com<\/em><\/a><em>.<\/em><\/p>\n","protected":false},"excerpt":{"rendered":"<p>The participants are invited to book their accommodations by their own. Organising committee suggests to use one of the following options. Hostel \u0160krla Matavun 10, SI-6215 Diva\u010da (500 km from the venue) Contact and reservation: +386 69 616 728; info@hostelskrla.com Tourist farm Pr\u2019 Betanci Betanja 2, SI-6215 Diva\u010da ( 500 m from the venue) Contact &hellip; <\/p>\n<p class=\"link-more\"><a href=\"https:\/\/izrk-sci-mtg.zrc-sazu.si\/en\/information\/accommodations\/\" class=\"more-link\">Continue reading<span class=\"screen-reader-text\"> &#8220;Accommodation&#8221;<\/span><\/a><\/p>\n","protected":false},"author":1,"featured_media":0,"parent":100,"menu_order":0,"comment_status":"closed","ping_status":"closed","template":"","meta":{"footnotes":""},"class_list":["post-112","page","type-page","status-publish","hentry"],"_links":{"self":[{"href":"https:\/\/izrk-sci-mtg.zrc-sazu.si\/en\/wp-json\/wp\/v2\/pages\/112","targetHints":{"allow":["GET"]}}],"collection":[{"href":"https:\/\/izrk-sci-mtg.zrc-sazu.si\/en\/wp-json\/wp\/v2\/pages"}],"about":[{"href":"https:\/\/izrk-sci-mtg.zrc-sazu.si\/en\/wp-json\/wp\/v2\/types\/page"}],"author":[{"embeddable":true,"href":"https:\/\/izrk-sci-mtg.zrc-sazu.si\/en\/wp-json\/wp\/v2\/users\/1"}],"replies":[{"embeddable":true,"href":"https:\/\/izrk-sci-mtg.zrc-sazu.si\/en\/wp-json\/wp\/v2\/comments?post=112"}],"version-history":[{"count":17,"href":"https:\/\/izrk-sci-mtg.zrc-sazu.si\/en\/wp-json\/wp\/v2\/pages\/112\/revisions"}],"predecessor-version":[{"id":549,"href":"https:\/\/izrk-sci-mtg.zrc-sazu.si\/en\/wp-json\/wp\/v2\/pages\/112\/revisions\/549"}],"up":[{"embeddable":true,"href":"https:\/\/izrk-sci-mtg.zrc-sazu.si\/en\/wp-json\/wp\/v2\/pages\/100"}],"wp:attachment":[{"href":"https:\/\/izrk-sci-mtg.zrc-sazu.si\/en\/wp-json\/wp\/v2\/media?parent=112"}],"curies":[{"name":"wp","href":"https:\/\/api.w.org\/{rel}","templated":true}]}}