{"id":615,"date":"2019-10-17T10:08:04","date_gmt":"2019-10-17T08:08:04","guid":{"rendered":"https:\/\/izrk-sci-mtg.zrc-sazu.si\/?page_id=615"},"modified":"2019-10-17T13:11:04","modified_gmt":"2019-10-17T11:11:04","slug":"photo-gallery","status":"publish","type":"page","link":"https:\/\/izrk-sci-mtg.zrc-sazu.si\/en\/archive-and-links\/photo-gallery\/","title":{"rendered":"Photo Gallery"},"content":{"rendered":"\n<ul class=\"wp-block-gallery columns-2 is-cropped wp-block-gallery-1 is-layout-flex wp-block-gallery-is-layout-flex\"><li class=\"blocks-gallery-item\"><figure><a href=\"https:\/\/izrk-sci-mtg.zrc-sazu.si\/wp-content\/uploads\/2019\/10\/IMG_20191007_093408-1024x768.jpg\"><img loading=\"lazy\" decoding=\"async\" width=\"1024\" height=\"768\" src=\"https:\/\/izrk-sci-mtg.zrc-sazu.si\/wp-content\/uploads\/2019\/10\/IMG_20191007_093408-1024x768.jpg\" alt=\"\" data-id=\"593\" data-link=\"https:\/\/izrk-sci-mtg.zrc-sazu.si\/en\/img_20191007_093408\/\" class=\"wp-image-593\" srcset=\"https:\/\/izrk-sci-mtg.zrc-sazu.si\/wp-content\/uploads\/2019\/10\/IMG_20191007_093408-1024x768.jpg 1024w, https:\/\/izrk-sci-mtg.zrc-sazu.si\/wp-content\/uploads\/2019\/10\/IMG_20191007_093408-300x225.jpg 300w, https:\/\/izrk-sci-mtg.zrc-sazu.si\/wp-content\/uploads\/2019\/10\/IMG_20191007_093408-768x576.jpg 768w\" sizes=\"auto, (max-width: 706px) 89vw, (max-width: 767px) 82vw, 740px\" \/><\/a><figcaption>Welcome speech given by Mr. Stojan \u0160\u010duka, director of \u0160kocjan Caves Regional Park.<\/figcaption><\/figure><\/li><li class=\"blocks-gallery-item\"><figure><a href=\"https:\/\/izrk-sci-mtg.zrc-sazu.si\/wp-content\/uploads\/2019\/10\/IMG_20191007_093534-1024x768.jpg\"><img loading=\"lazy\" decoding=\"async\" width=\"1024\" height=\"768\" src=\"https:\/\/izrk-sci-mtg.zrc-sazu.si\/wp-content\/uploads\/2019\/10\/IMG_20191007_093534-1024x768.jpg\" alt=\"\" data-id=\"595\" data-link=\"https:\/\/izrk-sci-mtg.zrc-sazu.si\/en\/img_20191007_093534\/\" class=\"wp-image-595\" srcset=\"https:\/\/izrk-sci-mtg.zrc-sazu.si\/wp-content\/uploads\/2019\/10\/IMG_20191007_093534-1024x768.jpg 1024w, https:\/\/izrk-sci-mtg.zrc-sazu.si\/wp-content\/uploads\/2019\/10\/IMG_20191007_093534-300x225.jpg 300w, https:\/\/izrk-sci-mtg.zrc-sazu.si\/wp-content\/uploads\/2019\/10\/IMG_20191007_093534-768x576.jpg 768w\" sizes=\"auto, (max-width: 706px) 89vw, (max-width: 767px) 82vw, 740px\" \/><\/a><figcaption>Welcome speech given by Dr. Tadej Slabe, head of Karst Research Institute ZRC SAZU.<\/figcaption><\/figure><\/li><li class=\"blocks-gallery-item\"><figure><a href=\"https:\/\/izrk-sci-mtg.zrc-sazu.si\/wp-content\/uploads\/2019\/10\/IMG_20191008_093500-1024x768.jpg\"><img loading=\"lazy\" decoding=\"async\" width=\"1024\" height=\"768\" src=\"https:\/\/izrk-sci-mtg.zrc-sazu.si\/wp-content\/uploads\/2019\/10\/IMG_20191008_093500-1024x768.jpg\" alt=\"\" data-id=\"597\" data-link=\"https:\/\/izrk-sci-mtg.zrc-sazu.si\/en\/img_20191008_093500\/\" class=\"wp-image-597\" srcset=\"https:\/\/izrk-sci-mtg.zrc-sazu.si\/wp-content\/uploads\/2019\/10\/IMG_20191008_093500-1024x768.jpg 1024w, https:\/\/izrk-sci-mtg.zrc-sazu.si\/wp-content\/uploads\/2019\/10\/IMG_20191008_093500-300x225.jpg 300w, https:\/\/izrk-sci-mtg.zrc-sazu.si\/wp-content\/uploads\/2019\/10\/IMG_20191008_093500-768x576.jpg 768w\" sizes=\"auto, (max-width: 706px) 89vw, (max-width: 767px) 82vw, 740px\" \/><\/a><figcaption>Rosana Cerkvenik with general announcements before talk given by Val and Jim Werker.<\/figcaption><\/figure><\/li><li class=\"blocks-gallery-item\"><figure><a href=\"https:\/\/izrk-sci-mtg.zrc-sazu.si\/wp-content\/uploads\/2019\/10\/IMG_20191008_093514-1024x768.jpg\"><img loading=\"lazy\" decoding=\"async\" width=\"1024\" height=\"768\" src=\"https:\/\/izrk-sci-mtg.zrc-sazu.si\/wp-content\/uploads\/2019\/10\/IMG_20191008_093514-1024x768.jpg\" alt=\"\" data-id=\"599\" data-link=\"https:\/\/izrk-sci-mtg.zrc-sazu.si\/en\/img_20191008_093514\/\" class=\"wp-image-599\" srcset=\"https:\/\/izrk-sci-mtg.zrc-sazu.si\/wp-content\/uploads\/2019\/10\/IMG_20191008_093514-1024x768.jpg 1024w, https:\/\/izrk-sci-mtg.zrc-sazu.si\/wp-content\/uploads\/2019\/10\/IMG_20191008_093514-300x225.jpg 300w, https:\/\/izrk-sci-mtg.zrc-sazu.si\/wp-content\/uploads\/2019\/10\/IMG_20191008_093514-768x576.jpg 768w\" sizes=\"auto, (max-width: 706px) 89vw, (max-width: 767px) 82vw, 740px\" \/><\/a><figcaption>Participants during presentation given by Val and Jim Werker.<\/figcaption><\/figure><\/li><li class=\"blocks-gallery-item\"><figure><a href=\"https:\/\/izrk-sci-mtg.zrc-sazu.si\/wp-content\/uploads\/2019\/10\/IMG_20191008_140445-1024x768.jpg\"><img loading=\"lazy\" decoding=\"async\" width=\"1024\" height=\"768\" src=\"https:\/\/izrk-sci-mtg.zrc-sazu.si\/wp-content\/uploads\/2019\/10\/IMG_20191008_140445-1024x768.jpg\" alt=\"\" data-id=\"601\" data-link=\"https:\/\/izrk-sci-mtg.zrc-sazu.si\/en\/img_20191008_140445\/\" class=\"wp-image-601\" srcset=\"https:\/\/izrk-sci-mtg.zrc-sazu.si\/wp-content\/uploads\/2019\/10\/IMG_20191008_140445-1024x768.jpg 1024w, https:\/\/izrk-sci-mtg.zrc-sazu.si\/wp-content\/uploads\/2019\/10\/IMG_20191008_140445-300x225.jpg 300w, https:\/\/izrk-sci-mtg.zrc-sazu.si\/wp-content\/uploads\/2019\/10\/IMG_20191008_140445-768x576.jpg 768w\" sizes=\"auto, (max-width: 706px) 89vw, (max-width: 767px) 82vw, 740px\" \/><\/a><figcaption>Just before entering the \u0160kocjan Caves in Tuesday.<\/figcaption><\/figure><\/li><li class=\"blocks-gallery-item\"><figure><a href=\"https:\/\/izrk-sci-mtg.zrc-sazu.si\/wp-content\/uploads\/2019\/10\/IMG_20191008_142056-1024x768.jpg\"><img loading=\"lazy\" decoding=\"async\" width=\"1024\" height=\"768\" src=\"https:\/\/izrk-sci-mtg.zrc-sazu.si\/wp-content\/uploads\/2019\/10\/IMG_20191008_142056-1024x768.jpg\" alt=\"\" data-id=\"603\" data-link=\"https:\/\/izrk-sci-mtg.zrc-sazu.si\/en\/img_20191008_142056\/\" class=\"wp-image-603\" srcset=\"https:\/\/izrk-sci-mtg.zrc-sazu.si\/wp-content\/uploads\/2019\/10\/IMG_20191008_142056-1024x768.jpg 1024w, https:\/\/izrk-sci-mtg.zrc-sazu.si\/wp-content\/uploads\/2019\/10\/IMG_20191008_142056-300x225.jpg 300w, https:\/\/izrk-sci-mtg.zrc-sazu.si\/wp-content\/uploads\/2019\/10\/IMG_20191008_142056-768x576.jpg 768w\" sizes=\"auto, (max-width: 706px) 89vw, (max-width: 767px) 82vw, 740px\" \/><\/a><figcaption>Cave restoration issue #1 &#8211; gluing of stalagmite.<\/figcaption><\/figure><\/li><li class=\"blocks-gallery-item\"><figure><a href=\"https:\/\/izrk-sci-mtg.zrc-sazu.si\/wp-content\/uploads\/2019\/10\/IMG_20191008_144447-1024x768.jpg\"><img loading=\"lazy\" decoding=\"async\" width=\"1024\" height=\"768\" src=\"https:\/\/izrk-sci-mtg.zrc-sazu.si\/wp-content\/uploads\/2019\/10\/IMG_20191008_144447-1024x768.jpg\" alt=\"\" data-id=\"605\" data-link=\"https:\/\/izrk-sci-mtg.zrc-sazu.si\/en\/img_20191008_144447\/\" class=\"wp-image-605\" srcset=\"https:\/\/izrk-sci-mtg.zrc-sazu.si\/wp-content\/uploads\/2019\/10\/IMG_20191008_144447-1024x768.jpg 1024w, https:\/\/izrk-sci-mtg.zrc-sazu.si\/wp-content\/uploads\/2019\/10\/IMG_20191008_144447-300x225.jpg 300w, https:\/\/izrk-sci-mtg.zrc-sazu.si\/wp-content\/uploads\/2019\/10\/IMG_20191008_144447-768x576.jpg 768w\" sizes=\"auto, (max-width: 706px) 89vw, (max-width: 767px) 82vw, 740px\" \/><\/a><figcaption>Cave restoration issue #2 &#8211; cleaning of graffiti.<\/figcaption><\/figure><\/li><li class=\"blocks-gallery-item\"><figure><a href=\"https:\/\/izrk-sci-mtg.zrc-sazu.si\/wp-content\/uploads\/2019\/10\/IMG_20191008_155635-768x1024.jpg\"><img loading=\"lazy\" decoding=\"async\" width=\"768\" height=\"1024\" src=\"https:\/\/izrk-sci-mtg.zrc-sazu.si\/wp-content\/uploads\/2019\/10\/IMG_20191008_155635-768x1024.jpg\" alt=\"\" data-id=\"640\" data-link=\"https:\/\/izrk-sci-mtg.zrc-sazu.si\/en\/img_20191008_155635\/\" class=\"wp-image-640\" srcset=\"https:\/\/izrk-sci-mtg.zrc-sazu.si\/wp-content\/uploads\/2019\/10\/IMG_20191008_155635-768x1024.jpg 768w, https:\/\/izrk-sci-mtg.zrc-sazu.si\/wp-content\/uploads\/2019\/10\/IMG_20191008_155635-225x300.jpg 225w\" sizes=\"auto, (max-width: 706px) 89vw, (max-width: 767px) 82vw, 740px\" \/><\/a><figcaption>Cave restoration issue #3 &#8211; removing paint from collapse block; this time by participants.<\/figcaption><\/figure><\/li><li class=\"blocks-gallery-item\"><figure><a href=\"https:\/\/izrk-sci-mtg.zrc-sazu.si\/wp-content\/uploads\/2019\/10\/IMG_20191009_092810-1024x768.jpg\"><img loading=\"lazy\" decoding=\"async\" width=\"1024\" height=\"768\" src=\"https:\/\/izrk-sci-mtg.zrc-sazu.si\/wp-content\/uploads\/2019\/10\/IMG_20191009_092810-1024x768.jpg\" alt=\"\" data-id=\"609\" data-link=\"https:\/\/izrk-sci-mtg.zrc-sazu.si\/en\/img_20191009_092810\/\" class=\"wp-image-609\" srcset=\"https:\/\/izrk-sci-mtg.zrc-sazu.si\/wp-content\/uploads\/2019\/10\/IMG_20191009_092810-1024x768.jpg 1024w, https:\/\/izrk-sci-mtg.zrc-sazu.si\/wp-content\/uploads\/2019\/10\/IMG_20191009_092810-300x225.jpg 300w, https:\/\/izrk-sci-mtg.zrc-sazu.si\/wp-content\/uploads\/2019\/10\/IMG_20191009_092810-768x576.jpg 768w\" sizes=\"auto, (max-width: 706px) 89vw, (max-width: 767px) 82vw, 740px\" \/><\/a><figcaption>Long-term show cave management &#8211; case of the Vilenica Cave that has been used as a show cave since 1633.<\/figcaption><\/figure><\/li><li class=\"blocks-gallery-item\"><figure><a href=\"https:\/\/izrk-sci-mtg.zrc-sazu.si\/wp-content\/uploads\/2019\/10\/IMG_20191009_143211-1024x768.jpg\"><img loading=\"lazy\" decoding=\"async\" width=\"1024\" height=\"768\" src=\"https:\/\/izrk-sci-mtg.zrc-sazu.si\/wp-content\/uploads\/2019\/10\/IMG_20191009_143211-1024x768.jpg\" alt=\"\" data-id=\"611\" data-link=\"https:\/\/izrk-sci-mtg.zrc-sazu.si\/en\/img_20191009_143211\/\" class=\"wp-image-611\" srcset=\"https:\/\/izrk-sci-mtg.zrc-sazu.si\/wp-content\/uploads\/2019\/10\/IMG_20191009_143211-1024x768.jpg 1024w, https:\/\/izrk-sci-mtg.zrc-sazu.si\/wp-content\/uploads\/2019\/10\/IMG_20191009_143211-300x225.jpg 300w, https:\/\/izrk-sci-mtg.zrc-sazu.si\/wp-content\/uploads\/2019\/10\/IMG_20191009_143211-768x576.jpg 768w\" sizes=\"auto, (max-width: 706px) 89vw, (max-width: 767px) 82vw, 740px\" \/><\/a><figcaption><br>Wednesday&#8217;s field trip to the Hanke&#8217;s Channel &#8211; part of the \u0160kocjan Caves that is just prepared to be (re)used for touristic purposes.<\/figcaption><\/figure><\/li><li class=\"blocks-gallery-item\"><figure><a href=\"https:\/\/izrk-sci-mtg.zrc-sazu.si\/wp-content\/uploads\/2019\/10\/IMG_20191009_152844-1024x768.jpg\"><img loading=\"lazy\" decoding=\"async\" width=\"1024\" height=\"768\" src=\"https:\/\/izrk-sci-mtg.zrc-sazu.si\/wp-content\/uploads\/2019\/10\/IMG_20191009_152844-1024x768.jpg\" alt=\"\" data-id=\"613\" data-link=\"https:\/\/izrk-sci-mtg.zrc-sazu.si\/en\/img_20191009_152844\/\" class=\"wp-image-613\" srcset=\"https:\/\/izrk-sci-mtg.zrc-sazu.si\/wp-content\/uploads\/2019\/10\/IMG_20191009_152844-1024x768.jpg 1024w, https:\/\/izrk-sci-mtg.zrc-sazu.si\/wp-content\/uploads\/2019\/10\/IMG_20191009_152844-300x225.jpg 300w, https:\/\/izrk-sci-mtg.zrc-sazu.si\/wp-content\/uploads\/2019\/10\/IMG_20191009_152844-768x576.jpg 768w\" sizes=\"auto, (max-width: 706px) 89vw, (max-width: 767px) 82vw, 740px\" \/><\/a><figcaption>The Hanke&#8217;s channel &#8211; deep black keyhole passage with pathway incised into vertical 80-meter-deep wall.<\/figcaption><\/figure><\/li><\/ul>\n","protected":false},"excerpt":{"rendered":"","protected":false},"author":2,"featured_media":0,"parent":98,"menu_order":0,"comment_status":"closed","ping_status":"closed","template":"","meta":{"footnotes":""},"class_list":["post-615","page","type-page","status-publish","hentry"],"_links":{"self":[{"href":"https:\/\/izrk-sci-mtg.zrc-sazu.si\/en\/wp-json\/wp\/v2\/pages\/615","targetHints":{"allow":["GET"]}}],"collection":[{"href":"https:\/\/izrk-sci-mtg.zrc-sazu.si\/en\/wp-json\/wp\/v2\/pages"}],"about":[{"href":"https:\/\/izrk-sci-mtg.zrc-sazu.si\/en\/wp-json\/wp\/v2\/types\/page"}],"author":[{"embeddable":true,"href":"https:\/\/izrk-sci-mtg.zrc-sazu.si\/en\/wp-json\/wp\/v2\/users\/2"}],"replies":[{"embeddable":true,"href":"https:\/\/izrk-sci-mtg.zrc-sazu.si\/en\/wp-json\/wp\/v2\/comments?post=615"}],"version-history":[{"count":7,"href":"https:\/\/izrk-sci-mtg.zrc-sazu.si\/en\/wp-json\/wp\/v2\/pages\/615\/revisions"}],"predecessor-version":[{"id":685,"href":"https:\/\/izrk-sci-mtg.zrc-sazu.si\/en\/wp-json\/wp\/v2\/pages\/615\/revisions\/685"}],"up":[{"embeddable":true,"href":"https:\/\/izrk-sci-mtg.zrc-sazu.si\/en\/wp-json\/wp\/v2\/pages\/98"}],"wp:attachment":[{"href":"https:\/\/izrk-sci-mtg.zrc-sazu.si\/en\/wp-json\/wp\/v2\/media?parent=615"}],"curies":[{"name":"wp","href":"https:\/\/api.w.org\/{rel}","templated":true}]}}